{"id":12,"date":"2021-11-19T17:15:42","date_gmt":"2021-11-19T14:15:42","guid":{"rendered":"https:\/\/kutuphane.normalsozluk.com\/?page_id=7"},"modified":"2024-09-04T20:03:18","modified_gmt":"2024-09-04T17:03:18","slug":"sozluk-kutuphanesi","status":"publish","type":"page","link":"https:\/\/normaller.com\/kutuphane\/","title":{"rendered":"S\u00f6zl\u00fck K\u00fct\u00fcphanesi"},"content":{"rendered":"\n<h2 class=\"wp-block-heading has-black-color has-text-color has-link-color wp-elements-597c8ec4b8174a120c0e71222d31e117\"><strong>S\u00f6zl\u00fck K\u00fct\u00fcphanesi Nedir ?&nbsp;<\/strong><br><\/h2>\n\n\n\n<p class=\"has-black-color has-text-color has-link-color wp-elements-0db8a2694bfff4e586f37cc40e21b8e6\">\u0130mece usul\u00fc ile kurulan, \u00fcyelerimizin ellerindeki fazla kitaplar\u0131 ula\u015ft\u0131rmas\u0131 ile devaml\u0131l\u0131\u011f\u0131n\u0131 s\u00fcrd\u00fcren normal s\u00f6zl\u00fck \u00fcyelerine ait k\u00fct\u00fcphanedir.<\/p>\n\n\n\n<p class=\"has-black-color has-text-color has-link-color wp-elements-071bc60750bf6d33b5b4a153d02662d2\">A\u015fa\u011f\u0131dan k\u00fct\u00fcphanemizin tan\u0131t\u0131m videosunu izleyebilirsiniz:<\/p>\n\n\n\n<p><\/p>\n\n\n\n<div align=\"center\"><iframe loading=\"lazy\" width=\"560\" height=\"315\" src=\"https:\/\/www.youtube.com\/embed\/hmIGiWfJW78\" title=\"YouTube video player\" frameborder=\"0\" allow=\"accelerometer; autoplay; clipboard-write; encrypted-media; gyroscope; picture-in-picture\" allowfullscreen=\"\"><\/iframe><\/div>\n\n\n\n<h2 class=\"wp-block-heading has-black-color has-text-color has-link-color wp-elements-9eb33d277c31cb6b7a6b7d964fcfc79f\"><br>Kitap G\u00f6nderim S\u00fcreci<\/h2>\n\n\n\n<p class=\"has-black-color has-text-color has-link-color wp-elements-0434872e4a0609e873fbe0d9cc616eb5\"><br>1- Yazar ki\u015fisi, k\u00fct\u00fcphanemizde be\u011fendi\u011fi kitap i\u00e7in, talepte bulunur.\u00a0<\/p>\n\n\n\n<p class=\"has-black-color has-text-color has-link-color wp-elements-8589f631fe6ea58279e651a2c3df4578\">2-  Kitap s\u00f6zl\u00fck k\u00fct\u00fcphanesinden kargoya ula\u015ft\u0131r\u0131l\u0131r.&nbsp;<\/p>\n\n\n\n<p class=\"has-black-color has-text-color has-link-color wp-elements-7d78e3cada4f449514b3c9bb6ebfded8\">3-&nbsp; Yazar, kap\u0131da \u00f6deme yaparak kitaba ula\u015fm\u0131\u015f olur.&nbsp;<\/p>\n\n\n\n<p class=\"has-black-color has-text-color has-link-color wp-elements-ec9baf650d35e6055eaf16dbfed16f77\">4- Yazar kitab\u0131n sahibi olur, geri g\u00f6ndermesi gerekmez.&nbsp;<br><br>Kitaplar PTT Kargo ile ula\u015ft\u0131r\u0131l\u0131r. PTT Kargo bu i\u015flem i\u00e7in sizlerden 10-40 TL aras\u0131 \u00fccret talep eder.<\/p>\n\n\n\n<h2 class=\"wp-block-heading has-black-color has-text-color has-link-color wp-elements-2e81d40109a43ca83c1840572ad85f9e\"><strong>Kitap Elime Ne Zaman Ge\u00e7er<\/strong> ?<\/h2>\n\n\n\n<p class=\"has-black-color has-text-color has-link-color wp-elements-dc319e28f927ab448940919f11a008e3\">Kitaplar\u0131 her ay\u0131n 15&#8217;inde toplu olarak kargoya vermekteyiz.<br>Bulundu\u011funuz \u015fehrin konumuna g\u00f6re PTT kargo en ge\u00e7 3 i\u015f g\u00fcn\u00fc i\u00e7erisinde teslim edecektir.<br><\/p>\n\n\n\n<h2 class=\"wp-block-heading has-black-color has-text-color has-link-color wp-elements-f5e7a0a78dd15ebfdf4d38561f14eae3\"><strong>Kitap Listesine Nas\u0131l Ula\u015fabilirim ?&nbsp;<\/strong><\/h2>\n\n\n\n<p class=\"has-accent-color has-text-color has-link-color wp-elements-29a6fe422ed849cb367724086c6e3a54\"><a href=\"https:\/\/normaller.com\/kutuphane\/kitap-listesi\/\" target=\"_blank\" rel=\"noopener\" title=\"\"><em>BURAYA TIKLAYARAK<\/em><\/a>\u00a0<\/p>\n\n\n\n<p class=\"has-black-color has-text-color has-link-color wp-elements-61aaa159a86cd98077f2e12ef60c8374\">g\u00fcncel kitap listemize ula\u015fabilirsin.\u00a0<br><\/p>\n\n\n\n<h2 class=\"wp-block-heading has-black-color has-text-color has-link-color wp-elements-3eb2d701c0d9af7cf5cb6d4efe0c8afd\"><br><strong>Kitap Talep Etmek \u0130\u00e7in Kriterler Nelerdir ?<\/strong><\/h2>\n\n\n\n<p class=\"has-black-color has-text-color has-link-color wp-elements-4a210eccb19daa237b767cf401a8975c\">Yeni a\u00e7\u0131ld\u0131\u011f\u0131m\u0131z ve \u015fu an i\u00e7in belirli say\u0131da kitap bulundurdu\u011fumuz i\u00e7in, baz\u0131 kriterler getirdik.<br>Bu kriterleri, k\u00fct\u00fcphanemizdeki kitap say\u0131m\u0131z\u0131 art\u0131rd\u0131k\u00e7a azaltaca\u011f\u0131z.<br>\u015eimdilik, Karma Puan\u0131 3.000 \u00fczerinde olan yazarlar kitap talebinde bulunabilecek.<br>3.000 Karma Puan\u0131 \u015fart\u0131n\u0131 yerine getiren her yazar\u0131n, ayda 1 defa kitap talebinde bulunma hakk\u0131 mevcut.<\/p>\n\n\n\n<h2 class=\"wp-block-heading has-black-color has-text-color has-link-color wp-elements-a7ae7fe3d9ed4b3140b2274300d84dff\"><br><strong>K\u00fct\u00fcphaneye Nas\u0131l Kitap Ba\u011f\u0131\u015f\u0131 Yapabilirim?&nbsp;<\/strong><\/h2>\n\n\n\n<p class=\"has-black-color has-text-color has-link-color wp-elements-ef5333a9577c1eb06b4ee2ac8366ca46\">G\u00f6nderece\u011finiz kitaplar\u0131<strong> kar\u015f\u0131 \u00f6demeli<\/strong> olarak ula\u015ft\u0131rabilirsiniz.<br>Adres ve kargo teslim alacak ki\u015fi bilgisi i\u00e7in S\u00f6zl\u00fck i\u00e7i&nbsp;<a href=\"https:\/\/normalsozluk.com\/yazar\/yoldas-benjamin-franklin--48\" target=\"_blank\" rel=\"noreferrer noopener\">yolda\u015f benjamin franklin<\/a> ya da <a href=\"https:\/\/normalsozluk.com\/yazar\/kutuphane--20726\" target=\"_blank\" rel=\"noopener\" title=\"k\u00fct\u00fcphane\">k\u00fct\u00fcphane<\/a> adl\u0131 hesaplar ile ileti\u015fim kurabilirsiniz.<\/p>\n\n\n\n<p class=\"has-black-color has-text-color has-link-color wp-elements-6dda6cbd2b0c39f8adaa279673e7400e\"><br>S\u00f6zl\u00fck d\u0131\u015f\u0131 ileti\u015fim i\u00e7in :&nbsp; <\/p>\n\n\n\n<p class=\"has-black-color has-text-color has-link-color wp-elements-cfeb79174b22eb41c3d387c61c7708ac\">e-mail : kutuphane@normalsozluk.com<br>discord :&nbsp;yolda\u015f6822<br><\/p>\n\n\n\n<p class=\"has-black-color has-text-color has-link-color wp-elements-52c66f0b0f644c1b849e9e9565b28366\">S\u00f6zl\u00fck k\u00fct\u00fcphanesinden kitap edinmek i\u00e7in, a\u015fa\u011f\u0131daki alanlar\u0131 doldurup bir talep formu olu\u015fturabilirsiniz.<br>Girmi\u015f oldu\u011funuz bilgiler 3. ki\u015filer ile payla\u015f\u0131lmaz, kargo ba\u015far\u0131 ile ula\u015ft\u0131ktan sonra bilgileriniz silinir.<br>Not : Telefon numaras\u0131, kargo i\u00e7in gereklidir.<\/p>\n\n\n\n<h3 class=\"wp-block-heading has-accent-color has-text-color has-link-color wp-elements-d93c020d0948507219d9e5f6d44e4d69\">  <strong>Kitap Talep Formu <\/strong><\/h3>\n\n\n<div class=\"wpforms-container wpforms-container-full\" id=\"wpforms-77\"><form id=\"wpforms-form-77\" class=\"wpforms-validate wpforms-form wpforms-ajax-form\" data-formid=\"77\" method=\"post\" enctype=\"multipart\/form-data\" action=\"\/kutuphane\/wp-json\/wp\/v2\/pages\/12\" data-token=\"282600d82f95ebfcf975493787c6bf09\"><noscript class=\"wpforms-error-noscript\">Bu formu bitirebilmek i\u00e7in taray\u0131c\u0131n\u0131zda JavaScript&#039;i etkinle\u015ftirin.<\/noscript><div class=\"wpforms-field-container\"><div id=\"wpforms-77-field_1-container\" class=\"wpforms-field wpforms-field-text\" data-field-id=\"1\"><label class=\"wpforms-field-label\" for=\"wpforms-77-field_1\">S\u00f6zl\u00fck Mahlas\u0131n\u0131z <span class=\"wpforms-required-label\">*<\/span><\/label><input type=\"text\" id=\"wpforms-77-field_1\" class=\"wpforms-field-medium wpforms-field-required\" name=\"wpforms[fields][1]\" required><\/div><div id=\"wpforms-77-field_2-container\" class=\"wpforms-field wpforms-field-text\" data-field-id=\"2\"><label class=\"wpforms-field-label\" for=\"wpforms-77-field_2\">Ad\u0131n\u0131z - Soyad\u0131n\u0131z <span class=\"wpforms-required-label\">*<\/span><\/label><input type=\"text\" id=\"wpforms-77-field_2\" class=\"wpforms-field-medium wpforms-field-required\" name=\"wpforms[fields][2]\" required><\/div><div id=\"wpforms-77-field_3-container\" class=\"wpforms-field wpforms-field-text\" data-field-id=\"3\"><label class=\"wpforms-field-label\" for=\"wpforms-77-field_3\">Talep Etti\u011finiz Kitab\u0131n Kodu <span class=\"wpforms-required-label\">*<\/span><\/label><input type=\"text\" id=\"wpforms-77-field_3\" class=\"wpforms-field-medium wpforms-field-required\" name=\"wpforms[fields][3]\" required><\/div><div id=\"wpforms-77-field_4-container\" class=\"wpforms-field wpforms-field-text\" data-field-id=\"4\"><label class=\"wpforms-field-label\" for=\"wpforms-77-field_4\">S\u00f6zl\u00fc\u011fe Kay\u0131t Olurken Kulland\u0131\u011f\u0131n\u0131z E-Posta Adresi <span class=\"wpforms-required-label\">*<\/span><\/label><input type=\"text\" id=\"wpforms-77-field_4\" class=\"wpforms-field-medium wpforms-field-required\" name=\"wpforms[fields][4]\" required><\/div><div id=\"wpforms-77-field_5-container\" class=\"wpforms-field wpforms-field-text\" data-field-id=\"5\"><label class=\"wpforms-field-label\" for=\"wpforms-77-field_5\">Telefon <span class=\"wpforms-required-label\">*<\/span><\/label><input type=\"text\" id=\"wpforms-77-field_5\" class=\"wpforms-field-medium wpforms-field-required\" name=\"wpforms[fields][5]\" required><\/div><div id=\"wpforms-77-field_6-container\" class=\"wpforms-field wpforms-field-textarea\" data-field-id=\"6\"><label class=\"wpforms-field-label\" for=\"wpforms-77-field_6\">Adres <span class=\"wpforms-required-label\">*<\/span><\/label><textarea id=\"wpforms-77-field_6\" class=\"wpforms-field-medium wpforms-field-required\" name=\"wpforms[fields][6]\" required><\/textarea><\/div><div id=\"wpforms-77-field_9-container\" class=\"wpforms-field wpforms-field-email\" data-field-id=\"9\"><label class=\"wpforms-field-label\" for=\"wpforms-77-field_9\">Email <span class=\"wpforms-required-label\">*<\/span><\/label><input type=\"email\" id=\"wpforms-77-field_9\" class=\"wpforms-field-medium wpforms-field-required\" name=\"wpforms[fields][9]\" spellcheck=\"false\" required><\/div><div id=\"wpforms-77-field_8-container\" class=\"wpforms-field wpforms-field-checkbox\" data-field-id=\"8\"><label class=\"wpforms-field-label\" for=\"wpforms-77-field_8\">Onay Formu <span class=\"wpforms-required-label\">*<\/span><\/label><ul id=\"wpforms-77-field_8\" class=\"wpforms-field-required\"><li class=\"choice-1 depth-1\"><input type=\"checkbox\" id=\"wpforms-77-field_8_1\" name=\"wpforms[fields][8][]\" value=\"K\u00fct\u00fcphane Kullan\u0131m Onay Formunu Okudum ve \u015eartlar\u0131 Kabul Ediyorum\" required ><label class=\"wpforms-field-label-inline\" for=\"wpforms-77-field_8_1\">K\u00fct\u00fcphane Kullan\u0131m Onay Formunu Okudum ve \u015eartlar\u0131 Kabul Ediyorum<\/label><\/li><\/ul><\/div><\/div><!-- .wpforms-field-container --><div class=\"wpforms-recaptcha-container wpforms-is-recaptcha\" ><div class=\"g-recaptcha\" data-sitekey=\"6LeBphYpAAAAAGON-NFuCiZE65DElrnndP_dPsJW\"><\/div><input type=\"text\" name=\"g-recaptcha-hidden\" class=\"wpforms-recaptcha-hidden\" style=\"position:absolute!important;clip:rect(0,0,0,0)!important;height:1px!important;width:1px!important;border:0!important;overflow:hidden!important;padding:0!important;margin:0!important;\" data-rule-recaptcha=\"1\"><\/div><div class=\"wpforms-submit-container\" ><input type=\"hidden\" name=\"wpforms[id]\" value=\"77\"><input type=\"hidden\" name=\"wpforms[author]\" value=\"1\"><button type=\"submit\" name=\"wpforms[submit]\" id=\"wpforms-submit-77\" class=\"wpforms-submit\" data-alt-text=\"G\u00f6nderiliyor..\" data-submit-text=\"G\u00f6nder\" aria-live=\"assertive\" value=\"wpforms-submit\">G\u00f6nder<\/button><img loading=\"lazy\" decoding=\"async\" src=\"https:\/\/normaller.com\/kutuphane\/wp-content\/plugins\/wpforms\/assets\/images\/submit-spin.svg\" class=\"wpforms-submit-spinner\" style=\"display: none;\" width=\"26\" height=\"26\" alt=\"Y\u00fckleniyor\"><\/div><\/form><\/div>  <!-- .wpforms-container -->\n\n\n\n<p><\/p>\n","protected":false},"excerpt":{"rendered":"<p>S\u00f6zl\u00fck K\u00fct\u00fcphanesi Nedir ?&nbsp; \u0130mece usul\u00fc ile kurulan, \u00fcyelerimizin ellerindeki fazla kitaplar\u0131 ula\u015ft\u0131rmas\u0131 ile devaml\u0131l\u0131\u011f\u0131n\u0131 s\u00fcrd\u00fcren normal s\u00f6zl\u00fck \u00fcyelerine ait k\u00fct\u00fcphanedir. A\u015fa\u011f\u0131dan k\u00fct\u00fcphanemizin tan\u0131t\u0131m videosunu izleyebilirsiniz: Kitap G\u00f6nderim S\u00fcreci 1- Yazar ki\u015fisi, k\u00fct\u00fcphanemizde be\u011fendi\u011fi kitap i\u00e7in, talepte bulunur.\u00a0 2- Kitap s\u00f6zl\u00fck k\u00fct\u00fcphanesinden kargoya ula\u015ft\u0131r\u0131l\u0131r.&nbsp; 3-&nbsp; Yazar, kap\u0131da \u00f6deme yaparak kitaba [&hellip;]<\/p>\n","protected":false},"author":1,"featured_media":0,"parent":0,"menu_order":0,"comment_status":"closed","ping_status":"closed","template":"","meta":{"footnotes":""},"class_list":["post-12","page","type-page","status-publish","hentry"],"aioseo_notices":[],"_links":{"self":[{"href":"https:\/\/normaller.com\/kutuphane\/wp-json\/wp\/v2\/pages\/12","targetHints":{"allow":["GET"]}}],"collection":[{"href":"https:\/\/normaller.com\/kutuphane\/wp-json\/wp\/v2\/pages"}],"about":[{"href":"https:\/\/normaller.com\/kutuphane\/wp-json\/wp\/v2\/types\/page"}],"author":[{"embeddable":true,"href":"https:\/\/normaller.com\/kutuphane\/wp-json\/wp\/v2\/users\/1"}],"replies":[{"embeddable":true,"href":"https:\/\/normaller.com\/kutuphane\/wp-json\/wp\/v2\/comments?post=12"}],"version-history":[{"count":17,"href":"https:\/\/normaller.com\/kutuphane\/wp-json\/wp\/v2\/pages\/12\/revisions"}],"predecessor-version":[{"id":133,"href":"https:\/\/normaller.com\/kutuphane\/wp-json\/wp\/v2\/pages\/12\/revisions\/133"}],"wp:attachment":[{"href":"https:\/\/normaller.com\/kutuphane\/wp-json\/wp\/v2\/media?parent=12"}],"curies":[{"name":"wp","href":"https:\/\/api.w.org\/{rel}","templated":true}]}}