{"id":63,"date":"2021-11-24T20:24:02","date_gmt":"2021-11-24T17:24:02","guid":{"rendered":"https:\/\/kutuphane.normalsozluk.com\/?page_id=63"},"modified":"2021-11-24T20:24:02","modified_gmt":"2021-11-24T17:24:02","slug":"gonderi-listesi","status":"publish","type":"page","link":"https:\/\/normaller.com\/kutuphane\/gonderi-listesi\/","title":{"rendered":"Son G\u00f6nderilenler"},"content":{"rendered":"\n<p>Yak\u0131n zamanda g\u00f6nderi yapt\u0131\u011f\u0131m\u0131z \u00fcyelerin listesi a\u015fa\u011f\u0131dad\u0131r:<\/p>\n\n\n\n<table id=\"tablepress-2\" class=\"tablepress tablepress-id-2\">\n<thead>\n<tr class=\"row-1\">\n\t<th class=\"column-1\">Yazar Ad\u0131<\/th><th class=\"column-2\">Kitap Kodu<\/th>\n<\/tr>\n<\/thead>\n<tbody class=\"row-striping row-hover\">\n<tr class=\"row-2\">\n\t<td class=\"column-1\">kafatolog\t<br \/>\n<\/td><td class=\"column-2\">00402<\/td>\n<\/tr>\n<tr class=\"row-3\">\n\t<td class=\"column-1\">beyefendiyazar\t<br \/>\n<\/td><td class=\"column-2\">00065<\/td>\n<\/tr>\n<tr class=\"row-4\">\n\t<td class=\"column-1\">zioland.00\t<br \/>\n<\/td><td class=\"column-2\">00247<\/td>\n<\/tr>\n<tr class=\"row-5\">\n\t<td class=\"column-1\">usiv\t<br \/>\n<\/td><td class=\"column-2\">00435<\/td>\n<\/tr>\n<tr class=\"row-6\">\n\t<td class=\"column-1\">morseverr\t<br \/>\n<\/td><td class=\"column-2\">00037<\/td>\n<\/tr>\n<tr class=\"row-7\">\n\t<td class=\"column-1\">kiriktopuk\t<br \/>\n<\/td><td class=\"column-2\">00140<\/td>\n<\/tr>\n<tr class=\"row-8\">\n\t<td class=\"column-1\">minik fare k\u00fckredi\t<br \/>\n<\/td><td class=\"column-2\">00055<\/td>\n<\/tr>\n<tr class=\"row-9\">\n\t<td class=\"column-1\">mutluolmayibilenbiri\t<br \/>\n<\/td><td class=\"column-2\">00290<\/td>\n<\/tr>\n<tr class=\"row-10\">\n\t<td class=\"column-1\">izmoce\t<br \/>\n<\/td><td class=\"column-2\">00216<\/td>\n<\/tr>\n<tr class=\"row-11\">\n\t<td class=\"column-1\">ru\u015fendil-i be\u015fer\t<br \/>\n<\/td><td class=\"column-2\">00144<\/td>\n<\/tr>\n<tr class=\"row-12\">\n\t<td class=\"column-1\">pikachuuuu\t<br \/>\n<\/td><td class=\"column-2\">00420<\/td>\n<\/tr>\n<tr class=\"row-13\">\n\t<td class=\"column-1\">planecrashed\t<br \/>\n<\/td><td class=\"column-2\">00229<\/td>\n<\/tr>\n<tr class=\"row-14\">\n\t<td class=\"column-1\">kendimeaitbiryer\t<br \/>\n<\/td><td class=\"column-2\">00009 <\/td>\n<\/tr>\n<tr class=\"row-15\">\n\t<td class=\"column-1\">valentina galaxina\t<br \/>\n<\/td><td class=\"column-2\">00425<\/td>\n<\/tr>\n<tr class=\"row-16\">\n\t<td class=\"column-1\">zynpgvnbjk\t<br \/>\n<\/td><td class=\"column-2\">00129<\/td>\n<\/tr>\n<tr class=\"row-17\">\n\t<td class=\"column-1\">twilight sparkle\t<br \/>\n<\/td><td class=\"column-2\">00015<\/td>\n<\/tr>\n<tr class=\"row-18\">\n\t<td class=\"column-1\">arnella\t<br \/>\n<\/td><td class=\"column-2\">00447<\/td>\n<\/tr>\n<tr class=\"row-19\">\n\t<td class=\"column-1\">arnella<\/td><td class=\"column-2\">00448<\/td>\n<\/tr>\n<tr class=\"row-20\">\n\t<td class=\"column-1\">arnella<\/td><td class=\"column-2\">00515<\/td>\n<\/tr>\n<tr class=\"row-21\">\n\t<td class=\"column-1\">arnella<\/td><td class=\"column-2\">00516<\/td>\n<\/tr>\n<tr class=\"row-22\">\n\t<td class=\"column-1\">arnella<\/td><td class=\"column-2\">00517<\/td>\n<\/tr>\n<tr class=\"row-23\">\n\t<td class=\"column-1\">arnella<\/td><td class=\"column-2\">00518<\/td>\n<\/tr>\n<tr class=\"row-24\">\n\t<td class=\"column-1\">arnella<\/td><td class=\"column-2\">00514<\/td>\n<\/tr>\n<tr class=\"row-25\">\n\t<td class=\"column-1\">arnella<\/td><td class=\"column-2\">00444<\/td>\n<\/tr>\n<tr class=\"row-26\">\n\t<td class=\"column-1\">setokaibaa\t<br \/>\n<\/td><td class=\"column-2\">00511<\/td>\n<\/tr>\n<tr class=\"row-27\">\n\t<td class=\"column-1\">cessiebalik\t<br \/>\n<\/td><td class=\"column-2\">00477<\/td>\n<\/tr>\n<tr class=\"row-28\">\n\t<td class=\"column-1\">mutluolmayibilenbiri\t<\/td><td class=\"column-2\">00134<br \/>\n<\/td>\n<\/tr>\n<tr class=\"row-29\">\n\t<td class=\"column-1\">mutluolmayibilenbiri\t<br \/>\n<\/td><td class=\"column-2\">00314<\/td>\n<\/tr>\n<tr class=\"row-30\">\n\t<td class=\"column-1\">kaytsz<\/td><td class=\"column-2\">00162<\/td>\n<\/tr>\n<tr class=\"row-31\">\n\t<td class=\"column-1\">kaytsz<\/td><td class=\"column-2\">00498<\/td>\n<\/tr>\n<tr class=\"row-32\">\n\t<td class=\"column-1\">sonmavi\t<br \/>\n<\/td><td class=\"column-2\">00401<\/td>\n<\/tr>\n<tr class=\"row-33\">\n\t<td class=\"column-1\">3 a\u011fustos 2026'da \u00f6lece\u011fim\t<br \/>\n<\/td><td class=\"column-2\">00504<\/td>\n<\/tr>\n<tr class=\"row-34\">\n\t<td class=\"column-1\">psychologist<\/td><td class=\"column-2\">00494<\/td>\n<\/tr>\n<tr class=\"row-35\">\n\t<td class=\"column-1\">the anonymous revolutionary\t<br \/>\n<\/td><td class=\"column-2\">00410<\/td>\n<\/tr>\n<tr class=\"row-36\">\n\t<td class=\"column-1\">patozcu<\/td><td class=\"column-2\">00510<\/td>\n<\/tr>\n<tr class=\"row-37\">\n\t<td class=\"column-1\">givemebaby<br \/>\n<\/td><td class=\"column-2\">00121<\/td>\n<\/tr>\n<tr class=\"row-38\">\n\t<td class=\"column-1\">mutluolmayibilenbiri<\/td><td class=\"column-2\">00412<\/td>\n<\/tr>\n<tr class=\"row-39\">\n\t<td class=\"column-1\">mutluolmayibilenbiri<\/td><td class=\"column-2\">00413<\/td>\n<\/tr>\n<tr class=\"row-40\">\n\t<td class=\"column-1\">rengim gri<br \/>\n<\/td><td class=\"column-2\">00302<\/td>\n<\/tr>\n<tr class=\"row-41\">\n\t<td class=\"column-1\">haziranonbiry\u0131k\u0131l\u0131\u015f\u0131<br \/>\n<\/td><td class=\"column-2\">00645<\/td>\n<\/tr>\n<tr class=\"row-42\">\n\t<td class=\"column-1\">ka\u015fkolnikov<br \/>\n<\/td><td class=\"column-2\">00485<\/td>\n<\/tr>\n<tr class=\"row-43\">\n\t<td class=\"column-1\">setokaibaa<br \/>\n<\/td><td class=\"column-2\">00039<\/td>\n<\/tr>\n<tr class=\"row-44\">\n\t<td class=\"column-1\">alt\u0131<br \/>\n<\/td><td class=\"column-2\">00057<\/td>\n<\/tr>\n<tr class=\"row-45\">\n\t<td class=\"column-1\">0rene<\/td><td class=\"column-2\">00001<\/td>\n<\/tr>\n<tr class=\"row-46\">\n\t<td class=\"column-1\">d\u00fcld\u00fcl\u00fcn dili<\/td><td class=\"column-2\">00117<\/td>\n<\/tr>\n<tr class=\"row-47\">\n\t<td class=\"column-1\">gazeteci<\/td><td class=\"column-2\">00508<\/td>\n<\/tr>\n<tr class=\"row-48\">\n\t<td class=\"column-1\">0rene<\/td><td class=\"column-2\">00001<\/td>\n<\/tr>\n<tr class=\"row-49\">\n\t<td class=\"column-1\">d\u00fcld\u00fcl\u00fcn dili<\/td><td class=\"column-2\">00117<\/td>\n<\/tr>\n<tr class=\"row-50\">\n\t<td class=\"column-1\">gazeteci<\/td><td class=\"column-2\">00508 <\/td>\n<\/tr>\n<tr class=\"row-51\">\n\t<td class=\"column-1\">sanatsepet<\/td><td class=\"column-2\">00731<\/td>\n<\/tr>\n<tr class=\"row-52\">\n\t<td class=\"column-1\">sanatsepet<\/td><td class=\"column-2\">00652<\/td>\n<\/tr>\n<tr class=\"row-53\">\n\t<td class=\"column-1\">sanatsepet<\/td><td class=\"column-2\">00734<\/td>\n<\/tr>\n<tr class=\"row-54\">\n\t<td class=\"column-1\">rengim gri<\/td><td class=\"column-2\">00609<\/td>\n<\/tr>\n<tr class=\"row-55\">\n\t<td class=\"column-1\">rengim gri<\/td><td class=\"column-2\">00022 <\/td>\n<\/tr>\n<tr class=\"row-56\">\n\t<td class=\"column-1\">apollonia<\/td><td class=\"column-2\">00758<\/td>\n<\/tr>\n<tr class=\"row-57\">\n\t<td class=\"column-1\">arnella<\/td><td class=\"column-2\">00193<\/td>\n<\/tr>\n<tr class=\"row-58\">\n\t<td class=\"column-1\">arnella<\/td><td class=\"column-2\">00366<br \/>\n<\/td>\n<\/tr>\n<tr class=\"row-59\">\n\t<td class=\"column-1\">arnella<\/td><td class=\"column-2\">00367<\/td>\n<\/tr>\n<tr class=\"row-60\">\n\t<td class=\"column-1\">arnella<\/td><td class=\"column-2\">00760<br \/>\n<\/td>\n<\/tr>\n<tr class=\"row-61\">\n\t<td class=\"column-1\">arnella<\/td><td class=\"column-2\">00761<\/td>\n<\/tr>\n<tr class=\"row-62\">\n\t<td class=\"column-1\">arnella<\/td><td class=\"column-2\">00762<br \/>\n<\/td>\n<\/tr>\n<tr class=\"row-63\">\n\t<td class=\"column-1\">arnella<\/td><td class=\"column-2\">00763<\/td>\n<\/tr>\n<tr class=\"row-64\">\n\t<td class=\"column-1\">arnella<\/td><td class=\"column-2\">00764<br \/>\n<\/td>\n<\/tr>\n<tr class=\"row-65\">\n\t<td class=\"column-1\">arnella<br \/>\n<\/td><td class=\"column-2\">00193<br \/>\n<\/td>\n<\/tr>\n<tr class=\"row-66\">\n\t<td class=\"column-1\">kendimeaitbiryer<\/td><td class=\"column-2\">00748 <\/td>\n<\/tr>\n<tr class=\"row-67\">\n\t<td class=\"column-1\">sanatsepet<\/td><td class=\"column-2\">00715<\/td>\n<\/tr>\n<tr class=\"row-68\">\n\t<td class=\"column-1\">sanatsepet<\/td><td class=\"column-2\">00716<\/td>\n<\/tr>\n<tr class=\"row-69\">\n\t<td class=\"column-1\">sanatsepet<\/td><td class=\"column-2\">00757<\/td>\n<\/tr>\n<tr class=\"row-70\">\n\t<td class=\"column-1\">alafortanfoni<\/td><td class=\"column-2\">00470<\/td>\n<\/tr>\n<tr class=\"row-71\">\n\t<td class=\"column-1\">thor<\/td><td class=\"column-2\">00004<\/td>\n<\/tr>\n<tr class=\"row-72\">\n\t<td class=\"column-1\">catchmeifyoucan<\/td><td class=\"column-2\">00002<\/td>\n<\/tr>\n<tr class=\"row-73\">\n\t<td class=\"column-1\">ben gri<\/td><td class=\"column-2\">00750 <\/td>\n<\/tr>\n<tr class=\"row-74\">\n\t<td class=\"column-1\">ben gri<\/td><td class=\"column-2\">00006 <\/td>\n<\/tr>\n<tr class=\"row-75\">\n\t<td class=\"column-1\">ben gri<\/td><td class=\"column-2\">00068<\/td>\n<\/tr>\n<tr class=\"row-76\">\n\t<td class=\"column-1\">catchmeifyoucan<br \/>\n<\/td><td class=\"column-2\">00002<\/td>\n<\/tr>\n<tr class=\"row-77\">\n\t<td class=\"column-1\">thor<\/td><td class=\"column-2\">00004<\/td>\n<\/tr>\n<tr class=\"row-78\">\n\t<td class=\"column-1\">alafortanfoni<br \/>\n<\/td><td class=\"column-2\">00470<\/td>\n<\/tr>\n<tr class=\"row-79\">\n\t<td class=\"column-1\">sanatsepet<br \/>\n<\/td><td class=\"column-2\">00715<\/td>\n<\/tr>\n<tr class=\"row-80\">\n\t<td class=\"column-1\">sanatsepet<br \/>\n<\/td><td class=\"column-2\">00716<\/td>\n<\/tr>\n<tr class=\"row-81\">\n\t<td class=\"column-1\">sanatsepet<br \/>\n<\/td><td class=\"column-2\">00757<\/td>\n<\/tr>\n<tr class=\"row-82\">\n\t<td class=\"column-1\">apollonia<br \/>\n<\/td><td class=\"column-2\">00590<\/td>\n<\/tr>\n<tr class=\"row-83\">\n\t<td class=\"column-1\">sonmavi<br \/>\n<\/td><td class=\"column-2\">00749<\/td>\n<\/tr>\n<tr class=\"row-84\">\n\t<td class=\"column-1\">uzunihsanefendininyesilsurubu<br \/>\n<\/td><td class=\"column-2\">00512<\/td>\n<\/tr>\n<tr class=\"row-85\">\n\t<td class=\"column-1\">jess<br \/>\n<\/td><td class=\"column-2\">00404<\/td>\n<\/tr>\n<tr class=\"row-86\">\n\t<td class=\"column-1\">jess<br \/>\n<\/td><td class=\"column-2\">00513<\/td>\n<\/tr>\n<tr class=\"row-87\">\n\t<td class=\"column-1\">par\u0131ldayan y\u0131ld\u0131z<br \/>\n<\/td><td class=\"column-2\">00505<\/td>\n<\/tr>\n<tr class=\"row-88\">\n\t<td class=\"column-1\">alafortanfoni<br \/>\n<\/td><td class=\"column-2\">00460<br \/>\n<\/td>\n<\/tr>\n<tr class=\"row-89\">\n\t<td class=\"column-1\">nesriola<br \/>\n<\/td><td class=\"column-2\">00506<br \/>\n<\/td>\n<\/tr>\n<tr class=\"row-90\">\n\t<td class=\"column-1\">mihmandar<br \/>\n<\/td><td class=\"column-2\">00647<br \/>\n<\/td>\n<\/tr>\n<tr class=\"row-91\">\n\t<td class=\"column-1\">ben gri<br \/>\n<\/td><td class=\"column-2\">Labirent<br \/>\n<\/td>\n<\/tr>\n<tr class=\"row-92\">\n\t<td class=\"column-1\">ben gri<br \/>\n<\/td><td class=\"column-2\">Grinin elli tonu<br \/>\n<\/td>\n<\/tr>\n<\/tbody>\n<\/table>\n\n","protected":false},"excerpt":{"rendered":"<p>Yak\u0131n zamanda g\u00f6nderi yapt\u0131\u011f\u0131m\u0131z \u00fcyelerin listesi a\u015fa\u011f\u0131dad\u0131r:<\/p>\n","protected":false},"author":1,"featured_media":0,"parent":0,"menu_order":0,"comment_status":"closed","ping_status":"closed","template":"","meta":{"footnotes":""},"class_list":["post-63","page","type-page","status-publish","hentry"],"aioseo_notices":[],"_links":{"self":[{"href":"https:\/\/normaller.com\/kutuphane\/wp-json\/wp\/v2\/pages\/63","targetHints":{"allow":["GET"]}}],"collection":[{"href":"https:\/\/normaller.com\/kutuphane\/wp-json\/wp\/v2\/pages"}],"about":[{"href":"https:\/\/normaller.com\/kutuphane\/wp-json\/wp\/v2\/types\/page"}],"author":[{"embeddable":true,"href":"https:\/\/normaller.com\/kutuphane\/wp-json\/wp\/v2\/users\/1"}],"replies":[{"embeddable":true,"href":"https:\/\/normaller.com\/kutuphane\/wp-json\/wp\/v2\/comments?post=63"}],"version-history":[{"count":0,"href":"https:\/\/normaller.com\/kutuphane\/wp-json\/wp\/v2\/pages\/63\/revisions"}],"wp:attachment":[{"href":"https:\/\/normaller.com\/kutuphane\/wp-json\/wp\/v2\/media?parent=63"}],"curies":[{"name":"wp","href":"https:\/\/api.w.org\/{rel}","templated":true}]}}